{"id":2203,"date":"2024-02-16T13:43:10","date_gmt":"2024-02-16T12:43:10","guid":{"rendered":"https:\/\/agcthecompany.com\/riduzione-di-co2-di-agc\/"},"modified":"2026-03-16T07:48:30","modified_gmt":"2026-03-16T06:48:30","slug":"agc-riduzione-di-co2","status":"publish","type":"page","link":"https:\/\/agcthecompany.com\/it\/agc-riduzione-di-co2\/","title":{"rendered":"AGC Riduzione di CO2"},"content":{"rendered":"<p>[et_pb_section fb_built=&#8221;1&#8243; fullwidth=&#8221;on&#8221; disabled_on=&#8221;off|on|on&#8221; _builder_version=&#8221;4.24.2&#8243; _module_preset=&#8221;default&#8221; global_colors_info=&#8221;{}&#8221;][et_pb_fullwidth_menu dropdown_menu_bg_color=&#8221;#383838&#8243; dropdown_menu_line_color=&#8221;RGBA(255,255,255,0)&#8221; dropdown_menu_text_color=&#8221;#FFFFFF&#8221; dropdown_menu_active_link_color=&#8221;#FFFFFF&#8221; mobile_menu_bg_color=&#8221;#FFFFFF&#8221; mobile_menu_text_color=&#8221;#000000&#8243; logo=&#8221;https:\/\/agcthecompany.com\/wp-content\/uploads\/2024\/02\/AGC-the-company-logo-transparent_2menu.png&#8221; logo_url=&#8221;https:\/\/agcthecompany.com\/it\/&#8221; logo_height=&#8221;80px&#8221; menu_icon_color=&#8221;#E09900&#8243; module_class=&#8221;gt-menu&#8221; _builder_version=&#8221;4.24.3&#8243; _module_preset=&#8221;default&#8221; menu_font_size=&#8221;16px&#8221; background_enable_color=&#8221;off&#8221; global_colors_info=&#8221;{}&#8221;][\/et_pb_fullwidth_menu][\/et_pb_section][et_pb_section fb_built=&#8221;1&#8243; admin_label=&#8221;Case Studies&#8221; _builder_version=&#8221;4.24.2&#8243; _module_preset=&#8221;default&#8221; background_enable_color=&#8221;off&#8221; background_enable_image=&#8221;off&#8221; background_position=&#8221;top_left&#8221; custom_padding=&#8221;0px||||false|false&#8221; global_colors_info=&#8221;{}&#8221;][et_pb_row make_equal=&#8221;on&#8221; _builder_version=&#8221;4.24.2&#8243; _module_preset=&#8221;default&#8221; width=&#8221;95%&#8221; max_width=&#8221;1200px&#8221; custom_margin=&#8221;||0px||false|false&#8221; locked=&#8221;off&#8221; global_colors_info=&#8221;{}&#8221;][et_pb_column type=&#8221;4_4&#8243; _builder_version=&#8221;4.22.0&#8243; _module_preset=&#8221;default&#8221; global_colors_info=&#8221;{}&#8221;][et_pb_text _builder_version=&#8221;4.23.4&#8243; _module_preset=&#8221;c5e3fdc0-c531-494c-ac7b-77e44adaa6fb&#8221; header_4_text_color=&#8221;gcid-8c8ec2a5-170b-4f45-b8e5-66e7efcb0585&#8243; header_4_font_size=&#8221;16px&#8221; global_colors_info=&#8221;{%22gcid-8c8ec2a5-170b-4f45-b8e5-66e7efcb0585%22:%91%22header_4_text_color%22%93}&#8221;]<\/p>\n<h4>Progetto di investimento<\/h4>\n<p>[\/et_pb_text][et_pb_text _builder_version=&#8221;4.24.3&#8243; _module_preset=&#8221;default&#8221; header_2_font=&#8221;Ruda||||||||&#8221; header_2_text_color=&#8221;#000000&#8243; header_2_font_size=&#8221;40px&#8221; header_3_font=&#8221;Ruda||||||||&#8221; header_3_text_color=&#8221;#000000&#8243; header_3_font_size=&#8221;36px&#8221; header_2_font_size_tablet=&#8221;36px&#8221; header_2_font_size_phone=&#8221;25px&#8221; header_2_font_size_last_edited=&#8221;on|tablet&#8221; header_3_font_size_tablet=&#8221;36px&#8221; header_3_font_size_phone=&#8221;25px&#8221; header_3_font_size_last_edited=&#8221;on|phone&#8221; global_colors_info=&#8221;{}&#8221;]<\/p>\n<h2>Siamo un fiero investitore della Dutch E-Flight Academy!<\/h2>\n<h3>Volare sul sole<\/h3>\n<p>[\/et_pb_text][et_pb_divider color=&#8221;#9e6513&#8243; divider_weight=&#8221;2px&#8221; _builder_version=&#8221;4.23.4&#8243; max_width=&#8221;60px&#8221; module_alignment=&#8221;left&#8221; height=&#8221;2px&#8221; global_colors_info=&#8221;{}&#8221;][\/et_pb_divider][\/et_pb_column][\/et_pb_row][et_pb_row column_structure=&#8221;1_4,1_4,1_4,1_4&#8243; use_custom_gutter=&#8221;on&#8221; make_equal=&#8221;on&#8221; disabled_on=&#8221;on|on|off&#8221; _builder_version=&#8221;4.24.3&#8243; _module_preset=&#8221;default&#8221; width=&#8221;95%&#8221; max_width=&#8221;1200px&#8221; global_colors_info=&#8221;{}&#8221;][et_pb_column type=&#8221;1_4&#8243; _builder_version=&#8221;4.24.2&#8243; _module_preset=&#8221;default&#8221; custom_css_main_element=&#8221;width: 25%!important;&#8221; global_colors_info=&#8221;{}&#8221;][et_pb_image src=&#8221;https:\/\/agcthecompany.com\/wp-content\/uploads\/2024\/02\/AGC-the-company-logo-transparent-2.png&#8221; title_text=&#8221;AGC il logo aziendale trasparente&#8221; url=&#8221;https:\/\/agcthecompany.com\/it\/&#8221; _builder_version=&#8221;4.24.2&#8243; _module_preset=&#8221;default&#8221; global_colors_info=&#8221;{}&#8221;][\/et_pb_image][\/et_pb_column][et_pb_column type=&#8221;1_4&#8243; _builder_version=&#8221;4.24.2&#8243; _module_preset=&#8221;default&#8221; custom_css_main_element=&#8221;width: 5%!important;&#8221; global_colors_info=&#8221;{}&#8221;][et_pb_code _builder_version=&#8221;4.24.2&#8243; _module_preset=&#8221;default&#8221; text_orientation=&#8221;center&#8221; custom_margin=&#8221;80px||||false|false&#8221; global_colors_info=&#8221;{}&#8221;]<pee><span style=\"font-size:36px\"><span style=\"font-family:Arial,Helvetica,sans-serif\"><strong>X<\/strong><\/span><\/span><\/pee>[\/et_pb_code][\/et_pb_column][et_pb_column type=&#8221;1_4&#8243; _builder_version=&#8221;4.24.2&#8243; _module_preset=&#8221;default&#8221; custom_css_main_element=&#8221;width: 25%!important;&#8221; global_colors_info=&#8221;{}&#8221;][et_pb_image src=&#8221;https:\/\/agcthecompany.com\/wp-content\/uploads\/2024\/02\/E-Flight_Logo_BigE_v4.jpg&#8221; title_text=&#8221;E-Flight_Logo_BigE_v4&#8243; url=&#8221;https:\/\/www.eflight.nl\/&#8221; url_new_window=&#8221;on&#8221; align=&#8221;center&#8221; _builder_version=&#8221;4.24.2&#8243; _module_preset=&#8221;default&#8221; custom_margin=&#8221;||||false|false&#8221; global_colors_info=&#8221;{}&#8221;][\/et_pb_image][\/et_pb_column][et_pb_column type=&#8221;1_4&#8243; _builder_version=&#8221;4.24.2&#8243; _module_preset=&#8221;default&#8221; custom_css_main_element=&#8221;width: 25%!important;&#8221; global_colors_info=&#8221;{}&#8221;][et_pb_image src=&#8221;https:\/\/agcthecompany.com\/wp-content\/uploads\/2024\/02\/F-flight-academy-plane.jpg&#8221; title_text=&#8221;Aereo dell&#8217;accademia F-flight&#8221; url=&#8221;https:\/\/www.eflight.nl\/&#8221; url_new_window=&#8221;on&#8221; _builder_version=&#8221;4.24.3&#8243; _module_preset=&#8221;default&#8221; global_colors_info=&#8221;{}&#8221;][\/et_pb_image][\/et_pb_column][\/et_pb_row][et_pb_row disabled_on=&#8221;off|off|on&#8221; _builder_version=&#8221;4.24.3&#8243; _module_preset=&#8221;default&#8221; custom_padding=&#8221;0px||0px||false|false&#8221; global_colors_info=&#8221;{}&#8221;][et_pb_column type=&#8221;4_4&#8243; _builder_version=&#8221;4.24.2&#8243; _module_preset=&#8221;default&#8221; global_colors_info=&#8221;{}&#8221;][et_pb_image src=&#8221;https:\/\/agcthecompany.com\/wp-content\/uploads\/2024\/02\/AGC-the-company-logo-transparent_2menu.png&#8221; title_text=&#8221;AGC il logo aziendale trasparente_2menu&#8221; align=&#8221;center&#8221; _builder_version=&#8221;4.24.2&#8243; _module_preset=&#8221;default&#8221; max_width=&#8221;70%&#8221; global_colors_info=&#8221;{}&#8221;][\/et_pb_image][et_pb_image src=&#8221;https:\/\/agcthecompany.com\/wp-content\/uploads\/2024\/02\/E-Flight_Logo_BigE_v4.jpg&#8221; title_text=&#8221;E-Flight_Logo_BigE_v4&#8243; align=&#8221;center&#8221; _builder_version=&#8221;4.24.3&#8243; _module_preset=&#8221;default&#8221; max_width=&#8221;50%&#8221; global_colors_info=&#8221;{}&#8221;][\/et_pb_image][et_pb_image src=&#8221;https:\/\/agcthecompany.com\/wp-content\/uploads\/2024\/02\/F-flight-academy-plane.jpg&#8221; title_text=&#8221;Aereo dell&#8217;accademia F-flight&#8221; align=&#8221;center&#8221; _builder_version=&#8221;4.24.3&#8243; _module_preset=&#8221;default&#8221; width_tablet=&#8221;&#8221; width_phone=&#8221;100%&#8221; width_last_edited=&#8221;on|phone&#8221; custom_margin=&#8221;||||false|false&#8221; custom_padding=&#8221;||||false|false&#8221; global_colors_info=&#8221;{}&#8221;][\/et_pb_image][\/et_pb_column][\/et_pb_row][\/et_pb_section][et_pb_section fb_built=&#8221;1&#8243; custom_padding_last_edited=&#8221;on|phone&#8221; _builder_version=&#8221;4.24.3&#8243; _module_preset=&#8221;default&#8221; background_color=&#8221;rgba(186,255,201,0.63)&#8221; custom_padding=&#8221;||||false|false&#8221; custom_padding_tablet=&#8221;||||false|false&#8221; custom_padding_phone=&#8221;||0px||false|false&#8221; global_colors_info=&#8221;{}&#8221;][et_pb_row make_equal=&#8221;on&#8221; _builder_version=&#8221;4.24.2&#8243; _module_preset=&#8221;default&#8221; width=&#8221;95%&#8221; max_width=&#8221;1200px&#8221; global_colors_info=&#8221;{}&#8221;][et_pb_column type=&#8221;4_4&#8243; _builder_version=&#8221;4.23.4&#8243; _module_preset=&#8221;default&#8221; global_colors_info=&#8221;{}&#8221;][et_pb_text _builder_version=&#8221;4.24.3&#8243; _module_preset=&#8221;default&#8221; header_2_font=&#8221;Ruda||||||||&#8221; header_2_text_color=&#8221;#000000&#8243; header_2_font_size=&#8221;36px&#8221; header_2_font_size_tablet=&#8221;36px&#8221; header_2_font_size_phone=&#8221;22px&#8221; header_2_font_size_last_edited=&#8221;on|phone&#8221; global_colors_info=&#8221;{}&#8221;]<\/p>\n<h2><span>Accademia di volo elettronico <\/span><\/h2>\n<p>[\/et_pb_text][et_pb_text _builder_version=&#8221;4.24.2&#8243; _module_preset=&#8221;default&#8221; text_font=&#8221;Open Sans||||||||&#8221; text_text_color=&#8221;#000000&#8243; text_font_size=&#8221;16px&#8221; global_colors_info=&#8221;{}&#8221;]<\/p>\n<p><span style=\"color: #000000;\">Da due anni e mezzo E-flight Academy contribuisce a rendere pi\u00f9 ecologica l&#8217;aviazione con quattro velivoli elettrici che impartiscono lezioni tutto l&#8217;anno, a zero emissioni e a basso rumore.<\/span><\/p>\n<p>[\/et_pb_text][\/et_pb_column][\/et_pb_row][et_pb_row make_equal=&#8221;on&#8221; _builder_version=&#8221;4.24.2&#8243; _module_preset=&#8221;default&#8221; width=&#8221;95%&#8221; max_width=&#8221;1200px&#8221; global_colors_info=&#8221;{}&#8221;][et_pb_column type=&#8221;4_4&#8243; _builder_version=&#8221;4.23.4&#8243; _module_preset=&#8221;default&#8221; global_colors_info=&#8221;{}&#8221;][et_pb_text _builder_version=&#8221;4.24.3&#8243; _module_preset=&#8221;default&#8221; header_2_font=&#8221;Ruda||||||||&#8221; header_2_text_color=&#8221;#000000&#8243; header_2_font_size=&#8221;36px&#8221; header_2_font_size_tablet=&#8221;36px&#8221; header_2_font_size_phone=&#8221;22px&#8221; header_2_font_size_last_edited=&#8221;on|phone&#8221; global_colors_info=&#8221;{}&#8221;]<\/p>\n<h2><span>Prima scuola di volo elettrica<\/span><\/h2>\n<p>[\/et_pb_text][et_pb_text _builder_version=&#8221;4.24.2&#8243; _module_preset=&#8221;default&#8221; text_font=&#8221;Open Sans||||||||&#8221; text_text_color=&#8221;#000000&#8243; text_font_size=&#8221;16px&#8221; global_colors_info=&#8221;{}&#8221;]<\/p>\n<p><span style=\"color: #000000;\">E-Flight Academy, la prima scuola di volo elettrica al mondo, sta sviluppando l'&#8221;Hangar del futuro&#8221; all&#8217;aeroporto di Teuge in collaborazione con E-Deck. Questo progetto prevede l&#8217;installazione di 530 pannelli solari e di una grande mega-batteria, che consentir\u00e0 di volare in modo completamente elettrico e a energia solare. Un concetto del genere non \u00e8 ancora stato implementato in nessuna parte del mondo su questa scala. Una volta completata, sar\u00e0 possibile caricare simultaneamente con l&#8217;energia solare 10 auto elettriche e quattro aerei elettrici.<\/span><\/p>\n<p>[\/et_pb_text][et_pb_image src=&#8221;https:\/\/agcthecompany.com\/wp-content\/uploads\/2024\/04\/E-Deck-E-Flight-Investor-AGC-slide-1aa.jpg&#8221; title_text=&#8221;E-Deck &#8211; E-Flight &#8211; Investor AGC slide 1aa&#8221; align=&#8221;center&#8221; _builder_version=&#8221;4.25.1&#8243; _module_preset=&#8221;default&#8221; width=&#8221;40%&#8221; width_tablet=&#8221;40%&#8221; width_phone=&#8221;100%&#8221; width_last_edited=&#8221;on|phone&#8221; global_colors_info=&#8221;{}&#8221;][\/et_pb_image][\/et_pb_column][\/et_pb_row][et_pb_row make_equal=&#8221;on&#8221; _builder_version=&#8221;4.24.2&#8243; _module_preset=&#8221;default&#8221; width=&#8221;95%&#8221; max_width=&#8221;1200px&#8221; global_colors_info=&#8221;{}&#8221;][et_pb_column type=&#8221;4_4&#8243; _builder_version=&#8221;4.23.4&#8243; _module_preset=&#8221;default&#8221; global_colors_info=&#8221;{}&#8221;][et_pb_text _builder_version=&#8221;4.24.3&#8243; _module_preset=&#8221;default&#8221; header_2_font=&#8221;Ruda||||||||&#8221; header_2_text_color=&#8221;#000000&#8243; header_2_font_size=&#8221;36px&#8221; header_2_font_size_tablet=&#8221;36px&#8221; header_2_font_size_phone=&#8221;22px&#8221; header_2_font_size_last_edited=&#8221;on|phone&#8221; global_colors_info=&#8221;{}&#8221;]<\/p>\n<h2><span>AGC The Company<\/span><\/h2>\n<p>[\/et_pb_text][et_pb_text _builder_version=&#8221;4.24.3&#8243; _module_preset=&#8221;default&#8221; text_font=&#8221;Open Sans||||||||&#8221; text_text_color=&#8221;#000000&#8243; text_font_size=&#8221;16px&#8221; global_colors_info=&#8221;{}&#8221;]<\/p>\n<p><span style=\"color: #000000;\">AGC The Company investe nel proprio crowdfunding di E-Flight e contribuisce cos\u00ec al trasporto sostenibile nel mercato commerciale. In questo modo facciamo consapevolmente la nostra parte per ridurre le emissioni di CO2. \u201dLo consideriamo appropriato per la nostra societ\u00e0 sostenibile insieme alla nostra metodologia di lavoro ibrida, che ha ridotto i nostri viaggi di lavoro dell\u201980% rispetto a prima del 2021\u201d.<\/span><\/p>\n<p><span style=\"color: #000000;\">Darwin C. \u00e8 talmente soddisfatto di questo concetto che sta prendendo anche lezioni di volo. &#8221;Il mio obiettivo \u00e8 ottenere il mio PPL e forse un giorno il CPL, in modo da poter volare in modo sostenibile verso diversi appuntamenti nel paese lontano o all&#8217;estero&#8221;. Naturalmente se vogliono necessariamente incontrarsi fisicamente, altrimenti, visto il nostro obiettivo di ridurre le emissioni, preferiamo farlo in modo digitale&#8221;.<\/span><\/p>\n<p>[\/et_pb_text][\/et_pb_column][\/et_pb_row][\/et_pb_section][et_pb_section fb_built=&#8221;1&#8243; disabled_on=&#8221;off|off|off&#8221; _builder_version=&#8221;4.24.3&#8243; _module_preset=&#8221;default&#8221; custom_padding=&#8221;||0px|||&#8221; global_colors_info=&#8221;{}&#8221;][et_pb_row _builder_version=&#8221;4.24.3&#8243; _module_preset=&#8221;default&#8221; width=&#8221;95%&#8221; max_width=&#8221;1200px&#8221; global_colors_info=&#8221;{}&#8221;][et_pb_column type=&#8221;4_4&#8243; _builder_version=&#8221;4.24.3&#8243; _module_preset=&#8221;default&#8221; global_colors_info=&#8221;{}&#8221;][divi8_image_carousel _builder_version=&#8221;4.27.6&#8243; _module_preset=&#8221;default&#8221; hover_enabled=&#8221;0&#8243; custom_css_before=&#8221;carousel item;heading: display:none:||||&#8221; global_colors_info=&#8221;{}&#8221; divi8_arrow_show_hide=&#8221;off&#8221; sticky_enabled=&#8221;0&#8243;][divi8_image_carousel_item img=&#8221;https:\/\/agcthecompany.com\/wp-content\/uploads\/2024\/04\/E-Deck-E-Flight-Investor-AGC-1.jpg&#8221; divi8_image_content_position=&#8221;none&#8221; _builder_version=&#8221;4.25.1&#8243; _module_preset=&#8221;default&#8221; global_colors_info=&#8221;{}&#8221;][\/divi8_image_carousel_item][divi8_image_carousel_item img=&#8221;https:\/\/agcthecompany.com\/wp-content\/uploads\/2024\/04\/E-Deck-Pipistrel-AGC-4-.jpg&#8221; divi8_image_content_position=&#8221;none&#8221; _builder_version=&#8221;4.24.3&#8243; _module_preset=&#8221;default&#8221; global_colors_info=&#8221;{}&#8221;][\/divi8_image_carousel_item][divi8_image_carousel_item img=&#8221;https:\/\/agcthecompany.com\/wp-content\/uploads\/2024\/04\/E-Flight-Investor-AGC-3-.jpg&#8221; divi8_image_content_position=&#8221;none&#8221; _builder_version=&#8221;4.24.3&#8243; _module_preset=&#8221;default&#8221; global_colors_info=&#8221;{}&#8221;][\/divi8_image_carousel_item][divi8_image_carousel_item img=&#8221;https:\/\/agcthecompany.com\/wp-content\/uploads\/2024\/04\/E-Deck-AGC-5-.jpg&#8221; divi8_image_content_position=&#8221;none&#8221; _builder_version=&#8221;4.24.3&#8243; _module_preset=&#8221;default&#8221; global_colors_info=&#8221;{}&#8221;][\/divi8_image_carousel_item][divi8_image_carousel_item img=&#8221;https:\/\/agcthecompany.com\/wp-content\/uploads\/2024\/05\/E-Deck-E-Flight-Investor-AGC-7a.jpg&#8221; divi8_image_content_position=&#8221;none&#8221; _builder_version=&#8221;4.24.3&#8243; _module_preset=&#8221;default&#8221; global_colors_info=&#8221;{}&#8221;][\/divi8_image_carousel_item][divi8_image_carousel_item img=&#8221;https:\/\/agcthecompany.com\/wp-content\/uploads\/2024\/05\/E-Deck-E-Flight-Investor-AGC-6.jpg&#8221; divi8_image_content_position=&#8221;none&#8221; _builder_version=&#8221;4.24.3&#8243; _module_preset=&#8221;default&#8221; global_colors_info=&#8221;{}&#8221;][\/divi8_image_carousel_item][\/divi8_image_carousel][\/et_pb_column][\/et_pb_row][\/et_pb_section][et_pb_section fb_built=&#8221;1&#8243; _builder_version=&#8221;4.24.3&#8243; _module_preset=&#8221;default&#8221; custom_padding=&#8221;||0px||false|false&#8221; global_colors_info=&#8221;{}&#8221;][\/et_pb_section]<\/p>\n","protected":false},"excerpt":{"rendered":"<p>Progetto di investimentoSiamo un fiero investitore della Dutch E-Flight Academy! Volare sul soleAccademia di volo elettronico Da due anni e mezzo E-flight Academy contribuisce a rendere pi\u00f9 ecologica l&#8217;aviazione con quattro velivoli elettrici che impartiscono lezioni tutto l&#8217;anno, a zero emissioni e a basso rumore.Prima scuola di volo elettricaE-Flight Academy, la prima scuola di volo [&hellip;]<\/p>\n","protected":false},"author":1,"featured_media":1833,"parent":0,"menu_order":0,"comment_status":"closed","ping_status":"closed","template":"","meta":{"_et_pb_use_builder":"on","_et_pb_old_content":"","_et_gb_content_width":"","footnotes":""},"class_list":["post-2203","page","type-page","status-publish","has-post-thumbnail","hentry"],"yoast_head":"<!-- This site is optimized with the Yoast SEO plugin v27.3 - https:\/\/yoast.com\/product\/yoast-seo-wordpress\/ -->\n<title>AGC Riduzione di CO2 - AGC The Company<\/title>\n<meta name=\"description\" content=\"AGC The Company contribuisce cos\u00ec al trasporto sostenibile nel mercato commerciale. Stiamo quindi facendo consapevolmente la nostra parte per ridurre le emissioni di CO2.\" \/>\n<meta name=\"robots\" content=\"index, follow, max-snippet:-1, max-image-preview:large, max-video-preview:-1\" \/>\n<link rel=\"canonical\" href=\"https:\/\/agcthecompany.com\/it\/agc-riduzione-di-co2\/\" \/>\n<meta property=\"og:locale\" content=\"it_IT\" \/>\n<meta property=\"og:type\" content=\"article\" \/>\n<meta property=\"og:title\" content=\"AGC Riduzione di CO2 - AGC The Company\" \/>\n<meta property=\"og:description\" content=\"AGC The Company contribuisce cos\u00ec al trasporto sostenibile nel mercato commerciale. Stiamo quindi facendo consapevolmente la nostra parte per ridurre le emissioni di CO2.\" \/>\n<meta property=\"og:url\" content=\"https:\/\/agcthecompany.com\/it\/agc-riduzione-di-co2\/\" \/>\n<meta property=\"og:site_name\" content=\"AGC The Company\" \/>\n<meta property=\"article:modified_time\" content=\"2026-03-16T06:48:30+00:00\" \/>\n<meta property=\"og:image\" content=\"https:\/\/agcthecompany.com\/wp-content\/uploads\/2024\/02\/F-flight-academy-plane.jpg\" \/>\n\t<meta property=\"og:image:width\" content=\"1080\" \/>\n\t<meta property=\"og:image:height\" content=\"720\" \/>\n\t<meta property=\"og:image:type\" content=\"image\/jpeg\" \/>\n<meta name=\"twitter:card\" content=\"summary_large_image\" \/>\n<meta name=\"twitter:label1\" content=\"Tempo di lettura stimato\" \/>\n\t<meta name=\"twitter:data1\" content=\"5 minuti\" \/>\n<script type=\"application\/ld+json\" class=\"yoast-schema-graph\">{\"@context\":\"https:\\\/\\\/schema.org\",\"@graph\":[{\"@type\":\"WebPage\",\"@id\":\"https:\\\/\\\/agcthecompany.com\\\/it\\\/agc-riduzione-di-co2\\\/\",\"url\":\"https:\\\/\\\/agcthecompany.com\\\/it\\\/agc-riduzione-di-co2\\\/\",\"name\":\"AGC Riduzione di CO2 - AGC The Company\",\"isPartOf\":{\"@id\":\"https:\\\/\\\/agcthecompany.com\\\/it\\\/#website\"},\"primaryImageOfPage\":{\"@id\":\"https:\\\/\\\/agcthecompany.com\\\/it\\\/agc-riduzione-di-co2\\\/#primaryimage\"},\"image\":{\"@id\":\"https:\\\/\\\/agcthecompany.com\\\/it\\\/agc-riduzione-di-co2\\\/#primaryimage\"},\"thumbnailUrl\":\"https:\\\/\\\/agcthecompany.com\\\/wp-content\\\/uploads\\\/2024\\\/02\\\/F-flight-academy-plane.jpg\",\"datePublished\":\"2024-02-16T12:43:10+00:00\",\"dateModified\":\"2026-03-16T06:48:30+00:00\",\"description\":\"AGC The Company contribuisce cos\u00ec al trasporto sostenibile nel mercato commerciale. Stiamo quindi facendo consapevolmente la nostra parte per ridurre le emissioni di CO2.\",\"breadcrumb\":{\"@id\":\"https:\\\/\\\/agcthecompany.com\\\/it\\\/agc-riduzione-di-co2\\\/#breadcrumb\"},\"inLanguage\":\"it-IT\",\"potentialAction\":[{\"@type\":\"ReadAction\",\"target\":[\"https:\\\/\\\/agcthecompany.com\\\/it\\\/agc-riduzione-di-co2\\\/\"]}]},{\"@type\":\"ImageObject\",\"inLanguage\":\"it-IT\",\"@id\":\"https:\\\/\\\/agcthecompany.com\\\/it\\\/agc-riduzione-di-co2\\\/#primaryimage\",\"url\":\"https:\\\/\\\/agcthecompany.com\\\/wp-content\\\/uploads\\\/2024\\\/02\\\/F-flight-academy-plane.jpg\",\"contentUrl\":\"https:\\\/\\\/agcthecompany.com\\\/wp-content\\\/uploads\\\/2024\\\/02\\\/F-flight-academy-plane.jpg\",\"width\":1080,\"height\":720},{\"@type\":\"BreadcrumbList\",\"@id\":\"https:\\\/\\\/agcthecompany.com\\\/it\\\/agc-riduzione-di-co2\\\/#breadcrumb\",\"itemListElement\":[{\"@type\":\"ListItem\",\"position\":1,\"name\":\"Home\",\"item\":\"https:\\\/\\\/agcthecompany.com\\\/it\\\/\"},{\"@type\":\"ListItem\",\"position\":2,\"name\":\"AGC Riduzione di CO2\"}]},{\"@type\":\"WebSite\",\"@id\":\"https:\\\/\\\/agcthecompany.com\\\/it\\\/#website\",\"url\":\"https:\\\/\\\/agcthecompany.com\\\/it\\\/\",\"name\":\"AGC The Company\",\"description\":\"Dutch Italian Sales Agency\",\"potentialAction\":[{\"@type\":\"SearchAction\",\"target\":{\"@type\":\"EntryPoint\",\"urlTemplate\":\"https:\\\/\\\/agcthecompany.com\\\/it\\\/?s={search_term_string}\"},\"query-input\":{\"@type\":\"PropertyValueSpecification\",\"valueRequired\":true,\"valueName\":\"search_term_string\"}}],\"inLanguage\":\"it-IT\"}]}<\/script>\n<!-- \/ Yoast SEO plugin. -->","yoast_head_json":{"title":"AGC Riduzione di CO2 - AGC The Company","description":"AGC The Company contribuisce cos\u00ec al trasporto sostenibile nel mercato commerciale. Stiamo quindi facendo consapevolmente la nostra parte per ridurre le emissioni di CO2.","robots":{"index":"index","follow":"follow","max-snippet":"max-snippet:-1","max-image-preview":"max-image-preview:large","max-video-preview":"max-video-preview:-1"},"canonical":"https:\/\/agcthecompany.com\/it\/agc-riduzione-di-co2\/","og_locale":"it_IT","og_type":"article","og_title":"AGC Riduzione di CO2 - AGC The Company","og_description":"AGC The Company contribuisce cos\u00ec al trasporto sostenibile nel mercato commerciale. Stiamo quindi facendo consapevolmente la nostra parte per ridurre le emissioni di CO2.","og_url":"https:\/\/agcthecompany.com\/it\/agc-riduzione-di-co2\/","og_site_name":"AGC The Company","article_modified_time":"2026-03-16T06:48:30+00:00","og_image":[{"width":1080,"height":720,"url":"https:\/\/agcthecompany.com\/wp-content\/uploads\/2024\/02\/F-flight-academy-plane.jpg","type":"image\/jpeg"}],"twitter_card":"summary_large_image","twitter_misc":{"Tempo di lettura stimato":"5 minuti"},"schema":{"@context":"https:\/\/schema.org","@graph":[{"@type":"WebPage","@id":"https:\/\/agcthecompany.com\/it\/agc-riduzione-di-co2\/","url":"https:\/\/agcthecompany.com\/it\/agc-riduzione-di-co2\/","name":"AGC Riduzione di CO2 - AGC The Company","isPartOf":{"@id":"https:\/\/agcthecompany.com\/it\/#website"},"primaryImageOfPage":{"@id":"https:\/\/agcthecompany.com\/it\/agc-riduzione-di-co2\/#primaryimage"},"image":{"@id":"https:\/\/agcthecompany.com\/it\/agc-riduzione-di-co2\/#primaryimage"},"thumbnailUrl":"https:\/\/agcthecompany.com\/wp-content\/uploads\/2024\/02\/F-flight-academy-plane.jpg","datePublished":"2024-02-16T12:43:10+00:00","dateModified":"2026-03-16T06:48:30+00:00","description":"AGC The Company contribuisce cos\u00ec al trasporto sostenibile nel mercato commerciale. Stiamo quindi facendo consapevolmente la nostra parte per ridurre le emissioni di CO2.","breadcrumb":{"@id":"https:\/\/agcthecompany.com\/it\/agc-riduzione-di-co2\/#breadcrumb"},"inLanguage":"it-IT","potentialAction":[{"@type":"ReadAction","target":["https:\/\/agcthecompany.com\/it\/agc-riduzione-di-co2\/"]}]},{"@type":"ImageObject","inLanguage":"it-IT","@id":"https:\/\/agcthecompany.com\/it\/agc-riduzione-di-co2\/#primaryimage","url":"https:\/\/agcthecompany.com\/wp-content\/uploads\/2024\/02\/F-flight-academy-plane.jpg","contentUrl":"https:\/\/agcthecompany.com\/wp-content\/uploads\/2024\/02\/F-flight-academy-plane.jpg","width":1080,"height":720},{"@type":"BreadcrumbList","@id":"https:\/\/agcthecompany.com\/it\/agc-riduzione-di-co2\/#breadcrumb","itemListElement":[{"@type":"ListItem","position":1,"name":"Home","item":"https:\/\/agcthecompany.com\/it\/"},{"@type":"ListItem","position":2,"name":"AGC Riduzione di CO2"}]},{"@type":"WebSite","@id":"https:\/\/agcthecompany.com\/it\/#website","url":"https:\/\/agcthecompany.com\/it\/","name":"AGC The Company","description":"Dutch Italian Sales Agency","potentialAction":[{"@type":"SearchAction","target":{"@type":"EntryPoint","urlTemplate":"https:\/\/agcthecompany.com\/it\/?s={search_term_string}"},"query-input":{"@type":"PropertyValueSpecification","valueRequired":true,"valueName":"search_term_string"}}],"inLanguage":"it-IT"}]}},"_links":{"self":[{"href":"https:\/\/agcthecompany.com\/it\/wp-json\/wp\/v2\/pages\/2203","targetHints":{"allow":["GET"]}}],"collection":[{"href":"https:\/\/agcthecompany.com\/it\/wp-json\/wp\/v2\/pages"}],"about":[{"href":"https:\/\/agcthecompany.com\/it\/wp-json\/wp\/v2\/types\/page"}],"author":[{"embeddable":true,"href":"https:\/\/agcthecompany.com\/it\/wp-json\/wp\/v2\/users\/1"}],"replies":[{"embeddable":true,"href":"https:\/\/agcthecompany.com\/it\/wp-json\/wp\/v2\/comments?post=2203"}],"version-history":[{"count":28,"href":"https:\/\/agcthecompany.com\/it\/wp-json\/wp\/v2\/pages\/2203\/revisions"}],"predecessor-version":[{"id":235310,"href":"https:\/\/agcthecompany.com\/it\/wp-json\/wp\/v2\/pages\/2203\/revisions\/235310"}],"wp:featuredmedia":[{"embeddable":true,"href":"https:\/\/agcthecompany.com\/it\/wp-json\/wp\/v2\/media\/1833"}],"wp:attachment":[{"href":"https:\/\/agcthecompany.com\/it\/wp-json\/wp\/v2\/media?parent=2203"}],"curies":[{"name":"wp","href":"https:\/\/api.w.org\/{rel}","templated":true}]}}